{"id":153,"date":"2023-04-11T16:07:03","date_gmt":"2023-04-11T16:07:03","guid":{"rendered":"https:\/\/hotel-zur-roemerbruecke.de\/to-the-roman-bridge\/"},"modified":"2023-07-24T09:30:05","modified_gmt":"2023-07-24T09:30:05","slug":"to-the-roman-bridge","status":"publish","type":"page","link":"https:\/\/hotel-zur-roemerbruecke.de\/en\/","title":{"rendered":"To the Roman bridge"},"content":{"rendered":"\n<h2 class=\"wp-block-heading\">WELCOME<\/h2>\n\n\n\n<p>in our family-run Hotel zur R\u00f6merbr\u00fccke. The central location in the town center invites you to linger. Enjoy the short walking distance to the old town center with the castle of Engers and the Rhine promenade which invites you to relax.<\/p>\n\n\n\n<h3 class=\"wp-block-heading\">OUR HOTEL<\/h3>\n\n\n\n<p>We are happy to welcome you as a guest in our colonial style Hotel zur R\u00f6merbr\u00fccke. Its central location makes it a perfect starting point for hikes on the Rheinsteig or as an overnight accommodation for bike tourists. Likewise, the fast connections to the highways (A3, A48, A61) make us a perfect point for a stopover.<\/p>\n\n\n\n<p>After extensive renovation work, we reopened our house in March 2023. A colonial style interior awaits you, with warm colors and high quality furniture we welcome you in our lovingly decorated rooms. Each of our 18 rooms has a desk, flat screen TV, satellite TV and free wifi.<\/p>\n\n\n\n<p>The modern bathrooms are equipped with shower, toilet and hairdryer. All rooms are non-smoking. The house is equipped with 1 single room and 17 double rooms, 2 of which are barrier-free and deluxe standard. A crib can be added upon request. According to your needs, you can book your accommodation only for overnight stay or with a rich breakfast.<\/p>\n\n\n\n<p>We are also happy to welcome you in our restaurant in our partner house the &#8220;Hotel zur Schlo\u00df-Schenke&#8221; which is located about 200m walking distance at the end of the street.<\/p>\n\n\n\n<p><strong>Opening hours restaurant in the &#8220;Hotel zur Schlo\u00df-Schenke&#8221;:<br> Monday-Saturday<\/strong>: from 16.00 &#8211; open End<br>Sunday: day of rest<br>Kitchen from 18.00 &#8211; 21.00<\/p>\n","protected":false},"excerpt":{"rendered":"<p>WELCOME in our family-run Hotel zur R\u00f6merbr\u00fccke. The central location in the town center invites you to linger. Enjoy the [&hellip;]<\/p>\n","protected":false},"author":1,"featured_media":0,"parent":0,"menu_order":0,"comment_status":"closed","ping_status":"open","template":"","meta":{"_acf_changed":false,"footnotes":""},"class_list":["post-153","page","type-page","status-publish","hentry"],"acf":[],"yoast_head":"<!-- This site is optimized with the Yoast SEO plugin v27.1.1 - https:\/\/yoast.com\/product\/yoast-seo-wordpress\/ -->\n<title>To the Roman bridge - Hotel Zur R\u00f6merbr\u00fccke in Neuwied | Koblenz<\/title>\n<meta name=\"robots\" content=\"index, follow, max-snippet:-1, max-image-preview:large, max-video-preview:-1\" \/>\n<link rel=\"canonical\" href=\"https:\/\/hotel-zur-roemerbruecke.de\/en\/to-the-roman-bridge\/\" \/>\n<meta property=\"og:locale\" content=\"en_US\" \/>\n<meta property=\"og:type\" content=\"article\" \/>\n<meta property=\"og:title\" content=\"To the Roman bridge - Hotel Zur R\u00f6merbr\u00fccke in Neuwied | Koblenz\" \/>\n<meta property=\"og:description\" content=\"WELCOME in our family-run Hotel zur R\u00f6merbr\u00fccke. The central location in the town center invites you to linger. Enjoy the [&hellip;]\" \/>\n<meta property=\"og:url\" content=\"https:\/\/hotel-zur-roemerbruecke.de\/en\/to-the-roman-bridge\/\" \/>\n<meta property=\"og:site_name\" content=\"Hotel Zur R\u00f6merbr\u00fccke in Neuwied | Koblenz\" \/>\n<meta property=\"article:modified_time\" content=\"2023-07-24T09:30:05+00:00\" \/>\n<meta name=\"twitter:card\" content=\"summary_large_image\" \/>\n<meta name=\"twitter:label1\" content=\"Est. reading time\" \/>\n\t<meta name=\"twitter:data1\" content=\"1 minute\" \/>\n<script type=\"application\/ld+json\" class=\"yoast-schema-graph\">{\"@context\":\"https:\/\/schema.org\",\"@graph\":[{\"@type\":\"WebPage\",\"@id\":\"https:\/\/hotel-zur-roemerbruecke.de\/en\/to-the-roman-bridge\/\",\"url\":\"https:\/\/hotel-zur-roemerbruecke.de\/en\/to-the-roman-bridge\/\",\"name\":\"To the Roman bridge - Hotel Zur R\u00f6merbr\u00fccke in Neuwied | Koblenz\",\"isPartOf\":{\"@id\":\"https:\/\/hotel-zur-roemerbruecke.de\/#website\"},\"datePublished\":\"2023-04-11T16:07:03+00:00\",\"dateModified\":\"2023-07-24T09:30:05+00:00\",\"breadcrumb\":{\"@id\":\"https:\/\/hotel-zur-roemerbruecke.de\/en\/to-the-roman-bridge\/#breadcrumb\"},\"inLanguage\":\"en-US\",\"potentialAction\":[{\"@type\":\"ReadAction\",\"target\":[\"https:\/\/hotel-zur-roemerbruecke.de\/en\/to-the-roman-bridge\/\"]}]},{\"@type\":\"BreadcrumbList\",\"@id\":\"https:\/\/hotel-zur-roemerbruecke.de\/en\/to-the-roman-bridge\/#breadcrumb\",\"itemListElement\":[{\"@type\":\"ListItem\",\"position\":1,\"name\":\"Startseite\",\"item\":\"https:\/\/hotel-zur-roemerbruecke.de\/en\/to-the-roman-bridge\/\"},{\"@type\":\"ListItem\",\"position\":2,\"name\":\"To the Roman bridge\"}]},{\"@type\":\"WebSite\",\"@id\":\"https:\/\/hotel-zur-roemerbruecke.de\/#website\",\"url\":\"https:\/\/hotel-zur-roemerbruecke.de\/\",\"name\":\"Hotel Zur R\u00f6merbr\u00fccke in Neuwied | Koblenz\",\"description\":\"Ihr Hotel in Neuwied | Koblenz\",\"publisher\":{\"@id\":\"https:\/\/hotel-zur-roemerbruecke.de\/#organization\"},\"potentialAction\":[{\"@type\":\"SearchAction\",\"target\":{\"@type\":\"EntryPoint\",\"urlTemplate\":\"https:\/\/hotel-zur-roemerbruecke.de\/?s={search_term_string}\"},\"query-input\":{\"@type\":\"PropertyValueSpecification\",\"valueRequired\":true,\"valueName\":\"search_term_string\"}}],\"inLanguage\":\"en-US\"},{\"@type\":\"Organization\",\"@id\":\"https:\/\/hotel-zur-roemerbruecke.de\/#organization\",\"name\":\"Hotel Zur R\u00f6merbr\u00fccke in Neuwied | Koblenz\",\"url\":\"https:\/\/hotel-zur-roemerbruecke.de\/\",\"logo\":{\"@type\":\"ImageObject\",\"inLanguage\":\"en-US\",\"@id\":\"https:\/\/hotel-zur-roemerbruecke.de\/#\/schema\/logo\/image\/\",\"url\":\"https:\/\/hotel-zur-roemerbruecke.de\/wp-content\/uploads\/2023\/08\/favicon-1.png\",\"contentUrl\":\"https:\/\/hotel-zur-roemerbruecke.de\/wp-content\/uploads\/2023\/08\/favicon-1.png\",\"width\":501,\"height\":500,\"caption\":\"Hotel Zur R\u00f6merbr\u00fccke in Neuwied | Koblenz\"},\"image\":{\"@id\":\"https:\/\/hotel-zur-roemerbruecke.de\/#\/schema\/logo\/image\/\"}}]}<\/script>\n<!-- \/ Yoast SEO plugin. -->","yoast_head_json":{"title":"To the Roman bridge - Hotel Zur R\u00f6merbr\u00fccke in Neuwied | Koblenz","robots":{"index":"index","follow":"follow","max-snippet":"max-snippet:-1","max-image-preview":"max-image-preview:large","max-video-preview":"max-video-preview:-1"},"canonical":"https:\/\/hotel-zur-roemerbruecke.de\/en\/to-the-roman-bridge\/","og_locale":"en_US","og_type":"article","og_title":"To the Roman bridge - Hotel Zur R\u00f6merbr\u00fccke in Neuwied | Koblenz","og_description":"WELCOME in our family-run Hotel zur R\u00f6merbr\u00fccke. The central location in the town center invites you to linger. Enjoy the [&hellip;]","og_url":"https:\/\/hotel-zur-roemerbruecke.de\/en\/to-the-roman-bridge\/","og_site_name":"Hotel Zur R\u00f6merbr\u00fccke in Neuwied | Koblenz","article_modified_time":"2023-07-24T09:30:05+00:00","twitter_card":"summary_large_image","twitter_misc":{"Est. reading time":"1 minute"},"schema":{"@context":"https:\/\/schema.org","@graph":[{"@type":"WebPage","@id":"https:\/\/hotel-zur-roemerbruecke.de\/en\/to-the-roman-bridge\/","url":"https:\/\/hotel-zur-roemerbruecke.de\/en\/to-the-roman-bridge\/","name":"To the Roman bridge - Hotel Zur R\u00f6merbr\u00fccke in Neuwied | Koblenz","isPartOf":{"@id":"https:\/\/hotel-zur-roemerbruecke.de\/#website"},"datePublished":"2023-04-11T16:07:03+00:00","dateModified":"2023-07-24T09:30:05+00:00","breadcrumb":{"@id":"https:\/\/hotel-zur-roemerbruecke.de\/en\/to-the-roman-bridge\/#breadcrumb"},"inLanguage":"en-US","potentialAction":[{"@type":"ReadAction","target":["https:\/\/hotel-zur-roemerbruecke.de\/en\/to-the-roman-bridge\/"]}]},{"@type":"BreadcrumbList","@id":"https:\/\/hotel-zur-roemerbruecke.de\/en\/to-the-roman-bridge\/#breadcrumb","itemListElement":[{"@type":"ListItem","position":1,"name":"Startseite","item":"https:\/\/hotel-zur-roemerbruecke.de\/en\/to-the-roman-bridge\/"},{"@type":"ListItem","position":2,"name":"To the Roman bridge"}]},{"@type":"WebSite","@id":"https:\/\/hotel-zur-roemerbruecke.de\/#website","url":"https:\/\/hotel-zur-roemerbruecke.de\/","name":"Hotel Zur R\u00f6merbr\u00fccke in Neuwied | Koblenz","description":"Ihr Hotel in Neuwied | Koblenz","publisher":{"@id":"https:\/\/hotel-zur-roemerbruecke.de\/#organization"},"potentialAction":[{"@type":"SearchAction","target":{"@type":"EntryPoint","urlTemplate":"https:\/\/hotel-zur-roemerbruecke.de\/?s={search_term_string}"},"query-input":{"@type":"PropertyValueSpecification","valueRequired":true,"valueName":"search_term_string"}}],"inLanguage":"en-US"},{"@type":"Organization","@id":"https:\/\/hotel-zur-roemerbruecke.de\/#organization","name":"Hotel Zur R\u00f6merbr\u00fccke in Neuwied | Koblenz","url":"https:\/\/hotel-zur-roemerbruecke.de\/","logo":{"@type":"ImageObject","inLanguage":"en-US","@id":"https:\/\/hotel-zur-roemerbruecke.de\/#\/schema\/logo\/image\/","url":"https:\/\/hotel-zur-roemerbruecke.de\/wp-content\/uploads\/2023\/08\/favicon-1.png","contentUrl":"https:\/\/hotel-zur-roemerbruecke.de\/wp-content\/uploads\/2023\/08\/favicon-1.png","width":501,"height":500,"caption":"Hotel Zur R\u00f6merbr\u00fccke in Neuwied | Koblenz"},"image":{"@id":"https:\/\/hotel-zur-roemerbruecke.de\/#\/schema\/logo\/image\/"}}]}},"_links":{"self":[{"href":"https:\/\/hotel-zur-roemerbruecke.de\/en\/wp-json\/wp\/v2\/pages\/153","targetHints":{"allow":["GET"]}}],"collection":[{"href":"https:\/\/hotel-zur-roemerbruecke.de\/en\/wp-json\/wp\/v2\/pages"}],"about":[{"href":"https:\/\/hotel-zur-roemerbruecke.de\/en\/wp-json\/wp\/v2\/types\/page"}],"author":[{"embeddable":true,"href":"https:\/\/hotel-zur-roemerbruecke.de\/en\/wp-json\/wp\/v2\/users\/1"}],"replies":[{"embeddable":true,"href":"https:\/\/hotel-zur-roemerbruecke.de\/en\/wp-json\/wp\/v2\/comments?post=153"}],"version-history":[{"count":3,"href":"https:\/\/hotel-zur-roemerbruecke.de\/en\/wp-json\/wp\/v2\/pages\/153\/revisions"}],"predecessor-version":[{"id":163,"href":"https:\/\/hotel-zur-roemerbruecke.de\/en\/wp-json\/wp\/v2\/pages\/153\/revisions\/163"}],"wp:attachment":[{"href":"https:\/\/hotel-zur-roemerbruecke.de\/en\/wp-json\/wp\/v2\/media?parent=153"}],"curies":[{"name":"wp","href":"https:\/\/api.w.org\/{rel}","templated":true}]}}